{"id":122,"date":"2023-05-07T18:51:36","date_gmt":"2023-05-07T18:51:36","guid":{"rendered":"https:\/\/psychotherapie-bleeker.de\/?page_id=122"},"modified":"2026-02-05T15:42:57","modified_gmt":"2026-02-05T15:42:57","slug":"freie-taetigkeiten","status":"publish","type":"page","link":"https:\/\/psychotherapie-bleeker.de\/?page_id=122","title":{"rendered":"Supervision und Beratung"},"content":{"rendered":"\n<p><strong>\u00dcber mich<\/strong>: Ich bin \u00c4rztin und Supervisorin (VT\/ST) mit \u00fcber zehn Jahren Berufserfahrung. Als leitende Ober\u00e4rztin und stellvertretende Chef\u00e4rztin habe ich F\u00fchrungserfahrung gesammelt. Mit meiner zus\u00e4tzlichen betriebswirtschaftlichen Ausbildung habe ich, in diesem Kontext, bei Prozessen der Organisationsentwicklung und des Changemanagements intensiv mitgearbeitet. F\u00fcr die individuelle Entwicklungsberatung und das F\u00fchrungskr\u00e4ftecoaching nutze ich meine Kompetenzen aus der Supervision sowie meinen therapeutischen Background. Ich supervidiere unter anderem das CARE-Netzwerk des nieders\u00e4chsischen Innen- und Kultusministeriums.<\/p>\n\n\n\n<p>Ich bin von der \u00c4rztekammer und Psychotherapeutenkammer Niedersachsen als Supervisorin und f\u00fcr Gruppenselbsterfahrung erm\u00e4chtigt\/anerkannt und damit weiterbildungsberechtigt.<\/p>\n\n\n\n<p><strong>Mein Angebot<\/strong>:<\/p>\n\n\n\n<ul class=\"wp-block-list\">\n<li>Ich biete Teamentwicklung\/-supervision und Fallsupervision f\u00fcr Teams, die im medizinischen, psychotherapeutischen und (psycho)-sozialen Bereich arbeiten. Teams, die in diesen Kontexten arbeiten, sind vielf\u00e4ltigen Belastungen ausgesetzt. Mit meinem Angebot sorge ich daf\u00fcr, dass Teams Ihre Ressourcen erfolgreich nutzen, ungenutzte Ressourcen integriert werden k\u00f6nnen und die individuelle Resilienz der einzelnen Teammitglieder gest\u00e4rkt wird. Dies f\u00f6rdert den Zusammenhalt und die Arbeitsqualit\u00e4t in Ihrem Team.<\/li>\n\n\n\n<li>Bei dem F\u00fchrungskr\u00e4fte-Coaching stehen Ihre Entwicklungsziele im Vordergrund. Ich begleite Sie bei der Pr\u00e4zisierung Ihrer Rolle als F\u00fchrungskraft und arbeite mit Ihnen daran, dass Ihnen die daf\u00fcr ben\u00f6tigten Ressourcen zur Verf\u00fcgung stehen. In der Zusammenarbeit wird eine authentische und resiliente Grundhaltung gef\u00f6rdert, sodass Sie Ihre Ziele bei psychischer Gesundheit erreichen k\u00f6nnen.<\/li>\n<\/ul>\n\n\n\n<p><strong>Qualifikationen:<\/strong> Studium der Medizin (Dr. med.), der Betriebswirtschaft (MBA), Ausbildung als Supervisorin und Psychotherapeutin<\/p>\n\n\n\n<p><\/p>\n\n\n\n<p><\/p>\n\n\n\n<p><\/p>\n","protected":false},"excerpt":{"rendered":"<p>\u00dcber mich: Ich bin \u00c4rztin und Supervisorin (VT\/ST) mit \u00fcber zehn Jahren Berufserfahrung. Als leitende Ober\u00e4rztin und stellvertretende Chef\u00e4rztin habe ich F\u00fchrungserfahrung gesammelt. Mit meiner zus\u00e4tzlichen betriebswirtschaftlichen Ausbildung habe ich, in diesem Kontext, bei Prozessen der Organisationsentwicklung und des Changemanagements intensiv mitgearbeitet. F\u00fcr die individuelle Entwicklungsberatung und das F\u00fchrungskr\u00e4ftecoaching nutze ich meine Kompetenzen aus der [&hellip;]<\/p>\n","protected":false},"author":2,"featured_media":0,"parent":0,"menu_order":0,"comment_status":"closed","ping_status":"closed","template":"","meta":{"footnotes":""},"class_list":["post-122","page","type-page","status-publish","hentry"],"_links":{"self":[{"href":"https:\/\/psychotherapie-bleeker.de\/index.php?rest_route=\/wp\/v2\/pages\/122","targetHints":{"allow":["GET"]}}],"collection":[{"href":"https:\/\/psychotherapie-bleeker.de\/index.php?rest_route=\/wp\/v2\/pages"}],"about":[{"href":"https:\/\/psychotherapie-bleeker.de\/index.php?rest_route=\/wp\/v2\/types\/page"}],"author":[{"embeddable":true,"href":"https:\/\/psychotherapie-bleeker.de\/index.php?rest_route=\/wp\/v2\/users\/2"}],"replies":[{"embeddable":true,"href":"https:\/\/psychotherapie-bleeker.de\/index.php?rest_route=%2Fwp%2Fv2%2Fcomments&post=122"}],"version-history":[{"count":10,"href":"https:\/\/psychotherapie-bleeker.de\/index.php?rest_route=\/wp\/v2\/pages\/122\/revisions"}],"predecessor-version":[{"id":191,"href":"https:\/\/psychotherapie-bleeker.de\/index.php?rest_route=\/wp\/v2\/pages\/122\/revisions\/191"}],"wp:attachment":[{"href":"https:\/\/psychotherapie-bleeker.de\/index.php?rest_route=%2Fwp%2Fv2%2Fmedia&parent=122"}],"curies":[{"name":"wp","href":"https:\/\/api.w.org\/{rel}","templated":true}]}}