{"id":7,"date":"2022-05-04T17:15:28","date_gmt":"2022-05-04T17:15:28","guid":{"rendered":"https:\/\/psychotherapie-bleeker.de\/?page_id=7"},"modified":"2026-04-10T10:26:50","modified_gmt":"2026-04-10T10:26:50","slug":"praxis-fuer-psychotherapie-dr-med-friederike-bleeker","status":"publish","type":"page","link":"https:\/\/psychotherapie-bleeker.de\/","title":{"rendered":"Praxis f\u00fcr Psychotherapie \u2013 Dr. med. Friederike Bleeker"},"content":{"rendered":"\n<figure class=\"wp-block-image size-large\"><img loading=\"lazy\" decoding=\"async\" width=\"1024\" height=\"683\" src=\"https:\/\/psychotherapie-bleeker.de\/wp-content\/uploads\/2022\/05\/canyon-purple-orange-light-formation-rock-1608614-pxhere-com-1024x683.jpg\" alt=\"\" class=\"wp-image-58\" srcset=\"https:\/\/psychotherapie-bleeker.de\/wp-content\/uploads\/2022\/05\/canyon-purple-orange-light-formation-rock-1608614-pxhere-com-1024x683.jpg 1024w, https:\/\/psychotherapie-bleeker.de\/wp-content\/uploads\/2022\/05\/canyon-purple-orange-light-formation-rock-1608614-pxhere-com-300x200.jpg 300w, https:\/\/psychotherapie-bleeker.de\/wp-content\/uploads\/2022\/05\/canyon-purple-orange-light-formation-rock-1608614-pxhere-com-768x512.jpg 768w, https:\/\/psychotherapie-bleeker.de\/wp-content\/uploads\/2022\/05\/canyon-purple-orange-light-formation-rock-1608614-pxhere-com-1536x1024.jpg 1536w, https:\/\/psychotherapie-bleeker.de\/wp-content\/uploads\/2022\/05\/canyon-purple-orange-light-formation-rock-1608614-pxhere-com.jpg 1920w\" sizes=\"auto, (max-width: 1024px) 100vw, 1024px\" \/><\/figure>\n\n\n\n<p>Liebe Patient*innen,<\/p>\n\n\n\n<p>seit den 01.07.2022 bin ich als \u00e4rztliche Psychotherapeutin in der Innenstadt von G\u00f6ttingen mit einem halben Kassensitz niedergelassen.<\/p>\n\n\n\n<p>Ich habe aktuell keine Therapiepl\u00e4tze frei.<\/p>\n\n\n\n<p>Kurzfristig frei gewordene Termine gebe ich regelm\u00e4\u00dfig als Sprechstundentermine f\u00fcr die Terminservicestelle (116117) frei, \u00fcber die 116117-App k\u00f6nnen Sie diese buchen. Bei einem Sprechstundentermin k\u00f6nnen wir gemeinsam \u00fcber Diagnostik und Bedarf, das weitere Vorgehen sowie ggf. eine Aufnahme auf meiner Warteliste beraten.<\/p>\n\n\n\n<p>Ab Mai 2026 wird meine Kollegin Pauline Leiders Ihre Privatpraxis in meinen R\u00e4umlichkeiten er\u00f6ffnen. Sie hat noch freie Kapazi\u00e4ten f\u00fcr Privatpatient_innen. Sie k\u00f6nnen sie \u00fcber folgende Emailadresse erreichen: psychotherapie-leiders@posteo.de.<\/p>\n\n\n\n<p>Ich arbeite mit verhaltenstherapeutischem Schwerpunkt integriere aber auch tiefenpsychologische und systemische Techniken in meine Arbeit. Ich behandele grunds\u00e4tzlich alle psychischen Erkrankungen, habe besondere Kenntnisse in der Psychotraumatherapie und der hundegest\u00fctzten Psychotherapie, arbeite also mit Therapiehund.<\/p>\n\n\n\n<p>Neben meiner therapeutischen Arbeit biete ich zudem verhaltenstherapeutische und systemische Einzel-, Gruppen- und Teamsupervision an (siehe auch &#8222;Freie T\u00e4tigkeit&#8220;).<\/p>\n\n\n\n<p>Bei Interesse an einem Therapie- oder Supervisionsplatz nehmen Sie gerne per Email (dr.friederike.bleeker@gmail.com) Kontakt mit mir auf.<\/p>\n\n\n\n<p>Herzliche Gr\u00fc\u00dfe<\/p>\n\n\n\n<p>Dr. med. Friederike Bleeker<\/p>\n\n\n","protected":false},"excerpt":{"rendered":"<p>Liebe Patient*innen, seit den 01.07.2022 bin ich als \u00e4rztliche Psychotherapeutin in der Innenstadt von G\u00f6ttingen mit einem halben Kassensitz niedergelassen. Ich habe aktuell keine Therapiepl\u00e4tze frei. Kurzfristig frei gewordene Termine gebe ich regelm\u00e4\u00dfig als Sprechstundentermine f\u00fcr die Terminservicestelle (116117) frei, \u00fcber die 116117-App k\u00f6nnen Sie diese buchen. Bei einem Sprechstundentermin k\u00f6nnen wir gemeinsam \u00fcber Diagnostik [&hellip;]<\/p>\n","protected":false},"author":2,"featured_media":0,"parent":0,"menu_order":0,"comment_status":"closed","ping_status":"closed","template":"","meta":{"footnotes":""},"class_list":["post-7","page","type-page","status-publish","hentry"],"_links":{"self":[{"href":"https:\/\/psychotherapie-bleeker.de\/index.php?rest_route=\/wp\/v2\/pages\/7","targetHints":{"allow":["GET"]}}],"collection":[{"href":"https:\/\/psychotherapie-bleeker.de\/index.php?rest_route=\/wp\/v2\/pages"}],"about":[{"href":"https:\/\/psychotherapie-bleeker.de\/index.php?rest_route=\/wp\/v2\/types\/page"}],"author":[{"embeddable":true,"href":"https:\/\/psychotherapie-bleeker.de\/index.php?rest_route=\/wp\/v2\/users\/2"}],"replies":[{"embeddable":true,"href":"https:\/\/psychotherapie-bleeker.de\/index.php?rest_route=%2Fwp%2Fv2%2Fcomments&post=7"}],"version-history":[{"count":29,"href":"https:\/\/psychotherapie-bleeker.de\/index.php?rest_route=\/wp\/v2\/pages\/7\/revisions"}],"predecessor-version":[{"id":199,"href":"https:\/\/psychotherapie-bleeker.de\/index.php?rest_route=\/wp\/v2\/pages\/7\/revisions\/199"}],"wp:attachment":[{"href":"https:\/\/psychotherapie-bleeker.de\/index.php?rest_route=%2Fwp%2Fv2%2Fmedia&parent=7"}],"curies":[{"name":"wp","href":"https:\/\/api.w.org\/{rel}","templated":true}]}}