{"id":70,"date":"2023-05-07T18:51:09","date_gmt":"2023-05-07T18:51:09","guid":{"rendered":"https:\/\/psychotherapie-bleeker.de\/?page_id=70"},"modified":"2025-07-08T06:02:21","modified_gmt":"2025-07-08T06:02:21","slug":"hundegestuetzte-psychotherapie","status":"publish","type":"page","link":"https:\/\/psychotherapie-bleeker.de\/?page_id=70","title":{"rendered":"Hundegest\u00fctzte Psychotherapie"},"content":{"rendered":"\n<figure class=\"wp-block-image size-full is-style-rounded\"><img loading=\"lazy\" decoding=\"async\" width=\"1920\" height=\"2560\" src=\"https:\/\/psychotherapie-bleeker.de\/wp-content\/uploads\/2025\/07\/IMG_0833-scaled.jpg\" alt=\"\" class=\"wp-image-184\" srcset=\"https:\/\/psychotherapie-bleeker.de\/wp-content\/uploads\/2025\/07\/IMG_0833-scaled.jpg 1920w, https:\/\/psychotherapie-bleeker.de\/wp-content\/uploads\/2025\/07\/IMG_0833-225x300.jpg 225w, https:\/\/psychotherapie-bleeker.de\/wp-content\/uploads\/2025\/07\/IMG_0833-768x1024.jpg 768w, https:\/\/psychotherapie-bleeker.de\/wp-content\/uploads\/2025\/07\/IMG_0833-1152x1536.jpg 1152w, https:\/\/psychotherapie-bleeker.de\/wp-content\/uploads\/2025\/07\/IMG_0833-1536x2048.jpg 1536w\" sizes=\"auto, (max-width: 1920px) 100vw, 1920px\" \/><\/figure>\n\n\n\n<p>Unser Therapiehund &#8222;Joda&#8220; ist leider verstorben. Im April 2025 hat &#8222;Elmo&#8220; (Major-Thom vom Gro\u00dfen Freien) seine Arbeit aufgenommen, aktuell befindet er sich in der Ausbildung zum Therapiehund.<\/p>\n\n\n\n<p class=\"has-text-align-left\">Das Prinzip der hundegest\u00fctzten Psychotherapie ist es, dass der Therapiehund  eine Beziehung zur Patientin\/ zum Patienten aufnimmt und k\u00f6rpersprachlich zum Ausdruck bringt, was er wahrnimmt. Dieser k\u00f6rpersprachliche Ausdruck wird von der Therapeutin\/ dem Therapeuten aufgenommen und kann f\u00fcr den Patienten \u00fcbersetzt und gedeutet werden. Durch die viel feineren Sinnesorgane des Hundes, kann der Hund Aspekte wahrnehmen, die dem Therapeuten\/ der Therapeutin u.U. entgehen. Dadurch hilft der Therapiehund die Therapie zu intensivieren und beschleunigen.<\/p>\n\n\n\n<p>Dar\u00fcber hinaus kann der Therapiehund insbesondere bei Patient_innen, die belastende Erfahrungen mit Menschen gemacht haben, ein neutraler und haltgebender Unterst\u00fctzer in der Therapie sein, der Anspannung reduziert, Sicherheit vermittelt und so die Therapie \u00fcberhaupt erst m\u00f6glich macht. <\/p>\n\n\n\n<p>Joda und ich haben unsere Ausbildung am Wikkegaard-Institut absolviert. Auf der Homepage des Institut finden Sie noch detaillierte Angaben zu unserer Ausbildung und der Arbeit von Therapiehunden.<\/p>\n","protected":false},"excerpt":{"rendered":"<p>Unser Therapiehund &#8222;Joda&#8220; ist leider verstorben. Im April 2025 hat &#8222;Elmo&#8220; (Major-Thom vom Gro\u00dfen Freien) seine Arbeit aufgenommen, aktuell befindet er sich in der Ausbildung zum Therapiehund. Das Prinzip der hundegest\u00fctzten Psychotherapie ist es, dass der Therapiehund eine Beziehung zur Patientin\/ zum Patienten aufnimmt und k\u00f6rpersprachlich zum Ausdruck bringt, was er wahrnimmt. Dieser k\u00f6rpersprachliche Ausdruck [&hellip;]<\/p>\n","protected":false},"author":2,"featured_media":0,"parent":0,"menu_order":0,"comment_status":"closed","ping_status":"closed","template":"","meta":{"footnotes":""},"class_list":["post-70","page","type-page","status-publish","hentry"],"_links":{"self":[{"href":"https:\/\/psychotherapie-bleeker.de\/index.php?rest_route=\/wp\/v2\/pages\/70","targetHints":{"allow":["GET"]}}],"collection":[{"href":"https:\/\/psychotherapie-bleeker.de\/index.php?rest_route=\/wp\/v2\/pages"}],"about":[{"href":"https:\/\/psychotherapie-bleeker.de\/index.php?rest_route=\/wp\/v2\/types\/page"}],"author":[{"embeddable":true,"href":"https:\/\/psychotherapie-bleeker.de\/index.php?rest_route=\/wp\/v2\/users\/2"}],"replies":[{"embeddable":true,"href":"https:\/\/psychotherapie-bleeker.de\/index.php?rest_route=%2Fwp%2Fv2%2Fcomments&post=70"}],"version-history":[{"count":7,"href":"https:\/\/psychotherapie-bleeker.de\/index.php?rest_route=\/wp\/v2\/pages\/70\/revisions"}],"predecessor-version":[{"id":185,"href":"https:\/\/psychotherapie-bleeker.de\/index.php?rest_route=\/wp\/v2\/pages\/70\/revisions\/185"}],"wp:attachment":[{"href":"https:\/\/psychotherapie-bleeker.de\/index.php?rest_route=%2Fwp%2Fv2%2Fmedia&parent=70"}],"curies":[{"name":"wp","href":"https:\/\/api.w.org\/{rel}","templated":true}]}}