{"id":72,"date":"2022-05-17T16:24:39","date_gmt":"2022-05-17T16:24:39","guid":{"rendered":"https:\/\/psychotherapie-bleeker.de\/?page_id=72"},"modified":"2022-05-17T16:49:33","modified_gmt":"2022-05-17T16:49:33","slug":"datenschutz","status":"publish","type":"page","link":"https:\/\/psychotherapie-bleeker.de\/?page_id=72","title":{"rendered":"Datenschutz"},"content":{"rendered":"\n<h2 class=\"wp-block-heading\">Allgemein Hinweise und Pflichtinformationen zum Datenschutz<\/h2>\n\n\n\n<p>Wir nehmen den Schutz Ihrer pers\u00f6nlichen Daten sehr Ernst. Im Folgenden informieren wir Sie dar\u00fcber, welche personenbezogenen Daten erhoben werden.<\/p>\n\n\n\n<p>Verantwortliche f\u00fcr Datenverarbeitung auf dieser Webseite im Sinne der Datenschutz-Grundverordnung (DSGVO) ist Dr. Friederike Bleeker, Weender Str. 60, 37073 G\u00f6ttingen, Deutschland, Tel.: +49 (0) 551 30566536 Email: dr.friederike.bleeker@gmail.com <\/p>\n\n\n\n<p>Aus Sicherheitsgr\u00fcnden und zum Schutz der \u00dcbertragung von personenbezogenen Daten nutzt diese Webseite SSL- bzw. TLS-Verschl\u00fcsselung.<\/p>\n\n\n\n<p>Definitionen der verwendeten Begriffe (z.B. \u201cpersonenbezogene Daten\u201d oder \u201cVerarbeitung\u201d) finden Sie in Art. 4 DSGVO.<\/p>\n\n\n\n<h2 class=\"wp-block-heading\">Datenerfassung beim Besuch dieser Webseite<\/h2>\n\n\n\n<p>Sobald Sie diese Webseite aufrufen werden Daten erhoben, die Ihr Browser an unseren Server \u00fcbermittelt, diese k\u00f6nnen in so genannten Log-Dateien abgelegt werden. Diese Daten sind technisch erforderlich um Ihnen die Webseite anzeigen zu k\u00f6nnen. Die erhobenen Daten sind:<\/p>\n\n\n\n<ul class=\"has-small-font-size wp-block-list\"><li>Besuchte Website<\/li><li>Menge der gesendeten Daten in Byte<\/li><li>Datum und Uhrzeit des Zugriffs<\/li><li>Verweis auf die Seite, von der Sie gekommen sind<\/li><li>Der verwendete Browser<\/li><li>Das verwendete Betriebssystem<\/li><li>Ihre IP-Adresse<\/li><\/ul>\n\n\n\n<p>Diese Daten k\u00f6nnen nach Art. 6 Abs. 1 lit. f DSGVO verarbeitet werden um unserem Interesse nachzukommen, die Funktionalit\u00e4t und Stabilit\u00e4t dieser Webseite zu verbessern. Diese Daten werden weder weitergegeben noch anderweitig verarbeitet.<\/p>\n\n\n\n<h2 class=\"wp-block-heading\">Cookies<\/h2>\n\n\n\n<p>Um Ihnen einen reibungslosen Besuch auf dieser Webseite zu erm\u00f6glichen, verwendet diese Webseite Cookies. Bei Cookies handelt es sich um Menschenlesbare Dateien, die auf dem Ger\u00e4t, von dem Sie diese Webseite besuchen, abgelegt werden. Diese Cookies k\u00f6nnen unterschiedliche Lebenszeiten haben. Einige werden unmittelbar nach Verlassen der Webseite wieder gel\u00f6scht, andere k\u00f6nnen einige Tage oder Wochen auf Ihrem Ger\u00e4t verbleiben. Die Dauer k\u00f6nnen Sie in einer \u00dcbersicht in den Einstellungen Ihres Browsers entnehmen.<\/p>\n\n\n\n<ul class=\"has-small-font-size wp-block-list\"><li>Internet Explorer:&nbsp;https:\/\/support.microsoft.com\/de-de\/help\/17442\/windows-internet-explorer-delete-mana ge-cookies&nbsp;<\/li><li>Firefox: https:\/\/support.mozilla.org\/de\/kb\/cookies-erlauben-und-ablehnen<\/li><li>Chrome: https:\/\/support.google.com\/chrome\/answer\/95647?hl=de&amp;hlrm=en<\/li><li>Safari: https:\/\/support.apple.com\/de-de\/guide\/safari\/sfri11471\/mac&nbsp;<\/li><li>Opera: https:\/\/help.opera.com\/de\/latest\/web-preferences\/#cookies&nbsp;<\/li><\/ul>\n\n\n\n<p>Wir verwenden ausschlie\u00dflich Cookies um die korrekte Funktionalit\u00e4t dieser Webseite zu gew\u00e4hrleisten und Ihnen den Besuch auf dieser Webseite bestm\u00f6glich zu gestalten.<\/p>\n\n\n\n<p>Sollten personenbezogene Daten in Cookies gespeichert werden, geschieht dies gem\u00e4\u00df Art. 6 Abs. 1 lit. f DSGVO.<\/p>\n\n\n\n<h2 class=\"wp-block-heading\">Kontaktaufnahme<\/h2>\n\n\n\n<p>Wenn Sie mit uns Kontakt aufnehmen (z.B. \u00fcber ein Kontaktformular oder E-Mail) werden personenbezogene Daten erhoben. Im Falle der Kontaktaufnahme \u00fcber ein Kontaktformular sind die erhoben Daten anhand der Eingabe Felder ersichtlich. Sollten Sie uns per E-Mail kontaktieren werden die personenbezogenen Daten erhoben, die Sie uns mitteilen und wir f\u00fcr die Bearbeitung Ihres Anliegens bzw. f\u00fcr die Kontaktaufnahme ben\u00f6tigen. Wir haben ein berechtigtes Interesse an der Beantwortung Ihres Anliegens gem\u00e4\u00df Art. 6 Abs. 1 lit. f DSGVO. Sollte Ihr Anliegen auf den Abschluss eines Vertrages abzielen, so erfolgt die Verarbeitung gem\u00e4\u00df Art. 6 Abs. 1 lit. b DSGVO.<\/p>\n\n\n\n<p>Nach erfolgter Bearbeitung Ihres Anliegens bzw. Ihrer Kontaktaufnahmen werden die erhobenen Daten umgehend gel\u00f6scht, sofern dem keine gesetzlichen Aufbewahrungspflichten entgegenstehen.<\/p>\n\n\n\n<h2 class=\"wp-block-heading\">Rechte des Nutzers<\/h2>\n\n\n\n<p>Sie haben als Nutzer das Recht, auf Antrag eine kostenlose Auskunft dar\u00fcber zu erhalten, welche personenbezogenen Daten \u00fcber Sie gespeichert wurden. Sie haben au\u00dferdem das Recht auf Berichtigung falscher Daten und auf die Verarbeitungseinschr\u00e4nkung oder L\u00f6schung Ihrer personenbezogenen Daten. Falls zutreffend, k\u00f6nnen Sie auch Ihr Recht auf Datenportabilit\u00e4t geltend machen. Sollten Sie annehmen, dass Ihre Daten unrechtm\u00e4\u00dfig verarbeitet wurden, k\u00f6nnen Sie eine Beschwerde bei der zust\u00e4ndigen Aufsichtsbeh\u00f6rde einreichen.<\/p>\n\n\n\n<h2 class=\"wp-block-heading\">L\u00f6schung von Daten<\/h2>\n\n\n\n<p>Sofern Ihr Wunsch nicht mit einer gesetzlichen Pflicht zur Aufbewahrung von Daten (z. B. Vorratsdatenspeicherung) kollidiert, haben Sie ein Anrecht auf L\u00f6schung Ihrer Daten. Von uns gespeicherte Daten werden, sollten sie f\u00fcr ihre Zweckbestimmung nicht mehr vonn\u00f6ten sein und es keine gesetzlichen Aufbewahrungsfristen geben, gel\u00f6scht. Falls eine L\u00f6schung nicht durchgef\u00fchrt werden kann, da die Daten f\u00fcr zul\u00e4ssige gesetzliche Zwecke erforderlich sind, erfolgt eine Einschr\u00e4nkung der Datenverarbeitung. In diesem Fall werden die Daten gesperrt und nicht f\u00fcr andere Zwecke verarbeitet.<\/p>\n\n\n\n<h2 class=\"wp-block-heading\">Widerspruchsrecht<\/h2>\n\n\n\n<p>Nutzer dieser Webseite k\u00f6nnen von ihrem Widerspruchsrecht Gebrauch machen und der Verarbeitung ihrer personenbezogenen Daten zu jeder Zeit widersprechen.<\/p>\n\n\n\n<p>Wenn Sie eine Berichtigung, Sperrung, L\u00f6schung oder Auskunft \u00fcber die zu Ihrer Person gespeicherten personenbezogenen Daten w\u00fcnschen oder Fragen bzgl. der Erhebung, Verarbeitung oder Verwendung Ihrer personenbezogenen Daten haben oder erteilte Einwilligungen widerrufen m\u00f6chten, wenden Sie sich bitte an folgende E-Mail-Adresse: dr.friederike.bleeker@gmail.com<\/p>\n","protected":false},"excerpt":{"rendered":"<p>Allgemein Hinweise und Pflichtinformationen zum Datenschutz Wir nehmen den Schutz Ihrer pers\u00f6nlichen Daten sehr Ernst. Im Folgenden informieren wir Sie dar\u00fcber, welche personenbezogenen Daten erhoben werden. Verantwortliche f\u00fcr Datenverarbeitung auf dieser Webseite im Sinne der Datenschutz-Grundverordnung (DSGVO) ist Dr. Friederike Bleeker, Weender Str. 60, 37073 G\u00f6ttingen, Deutschland, Tel.: +49 (0) 551 30566536 Email: dr.friederike.bleeker@gmail.com Aus [&hellip;]<\/p>\n","protected":false},"author":2,"featured_media":0,"parent":0,"menu_order":0,"comment_status":"closed","ping_status":"closed","template":"","meta":{"footnotes":""},"class_list":["post-72","page","type-page","status-publish","hentry"],"_links":{"self":[{"href":"https:\/\/psychotherapie-bleeker.de\/index.php?rest_route=\/wp\/v2\/pages\/72","targetHints":{"allow":["GET"]}}],"collection":[{"href":"https:\/\/psychotherapie-bleeker.de\/index.php?rest_route=\/wp\/v2\/pages"}],"about":[{"href":"https:\/\/psychotherapie-bleeker.de\/index.php?rest_route=\/wp\/v2\/types\/page"}],"author":[{"embeddable":true,"href":"https:\/\/psychotherapie-bleeker.de\/index.php?rest_route=\/wp\/v2\/users\/2"}],"replies":[{"embeddable":true,"href":"https:\/\/psychotherapie-bleeker.de\/index.php?rest_route=%2Fwp%2Fv2%2Fcomments&post=72"}],"version-history":[{"count":3,"href":"https:\/\/psychotherapie-bleeker.de\/index.php?rest_route=\/wp\/v2\/pages\/72\/revisions"}],"predecessor-version":[{"id":101,"href":"https:\/\/psychotherapie-bleeker.de\/index.php?rest_route=\/wp\/v2\/pages\/72\/revisions\/101"}],"wp:attachment":[{"href":"https:\/\/psychotherapie-bleeker.de\/index.php?rest_route=%2Fwp%2Fv2%2Fmedia&parent=72"}],"curies":[{"name":"wp","href":"https:\/\/api.w.org\/{rel}","templated":true}]}}